{"id":1576,"date":"2021-08-13T20:40:52","date_gmt":"2021-08-13T20:40:52","guid":{"rendered":"https:\/\/trustlatam.com\/newsroom\/?page_id=1576"},"modified":"2021-08-13T20:41:34","modified_gmt":"2021-08-13T20:41:34","slug":"cookies","status":"publish","type":"page","link":"https:\/\/trustlatam.com\/newsroom\/cookies\/","title":{"rendered":"Cookies"},"content":{"rendered":"\n<h3 class=\"wp-block-heading\">\u00bfQU\u00c9 SON LAS COOKIES?<\/h3>\n\n\n\n<p>Las cookies son unos sencillos archivos de texto de peque\u00f1o tama\u00f1o que se almacenan en el disco duro o en la memoria del ordenador. Las cookies no pueden da\u00f1ar el equipo ni los archivos que est\u00e1n almacenados en el mismo. En nuestra declaraci\u00f3n de <a href=\"https:\/\/www.trust.com\/es\/legal\/privacy\">privacidad explicamos<\/a> los datos que recopilamos, c\u00f3mo los recopilamos y qu\u00e9 hacemos con ellos.<\/p>\n\n\n\n<h4 class=\"wp-block-heading\">COOKIES DE ORIGEN<\/h4>\n\n\n\n<p>Las cookies de origen son colocadas por el sitio web visitado por el usuario, es decir, el sitio web que figura en la barra de direcciones.<\/p>\n\n\n\n<h4 class=\"wp-block-heading\">COOKIES DE TERCEROS<\/h4>\n\n\n\n<p>Las cookies de terceros son cookies colocadas por un dominio diferente del visitado por el usuario. Si un usuario visita un sitio web y una empresa independiente coloca una cookie a trav\u00e9s de dicho sitio web, esta ser\u00eda un cookie de terceros.<\/p>\n\n\n\n<h3 class=\"wp-block-heading\">LAS COOKIES MENCIONADAS EST\u00c1N SUBDIVIDIDAS<\/h3>\n\n\n\n<h4 class=\"wp-block-heading\">COOKIES FUNCIONALES<\/h4>\n\n\n\n<p>Podemos usar cookies funcionales que no son esenciales, pero que facilitan algunas funciones \u00fatiles en nuestro sitio web. Estas cookies funcionales se usan para hacer m\u00e1s f\u00e1cil el uso del sitio web. Pueden retener determinados datos de configuraci\u00f3n.<\/p>\n\n\n\n<h4 class=\"wp-block-heading\">COOKIES ANAL\u00cdTICAS<\/h4>\n\n\n\n<p>Estas son cookies que recogen informaci\u00f3n acerca del comportamiento de los visitantes del sitio web y el rendimiento del sitio web. Sobre la base de los resultados, se puede mejorar el sitio web para que los visitantes tengan una mejor experiencia de usuario. Las cookies no recopilan ning\u00fan dato personal.<\/p>\n\n\n\n<h3 class=\"wp-block-heading\">CU\u00c1LES UTILIZAMOS<\/h3>\n\n\n\n<h4 class=\"wp-block-heading\">COOKIES DE ORIGEN &#8211; COOKIES FUNCIONALES<\/h4>\n\n\n\n<h5 class=\"wp-block-heading\">NOTIFICACI\u00d3N DE COOKIES<\/h5>\n\n\n\n<ul class=\"wp-block-list\"><li>Nombre<br>consent<\/li><li>Descripci\u00f3n<br>Utilizamos esta cookie para recordarle si ha desactivado o no la notificaci\u00f3n de cookies.<br>Sin esta cookie, la notificaci\u00f3n no puede desactivarse permanentemente.<\/li><li>Duraci\u00f3n<br>Se conserva durante un periodo m\u00e1ximo de 12 meses<\/li><\/ul>\n\n\n\n<h5 class=\"wp-block-heading\">PREFERENCIA DE IDIOMA<\/h5>\n\n\n\n<ul class=\"wp-block-list\"><li>Nombre<br>preferences, languageCode<\/li><li>Descripci\u00f3n<br>Utilizamos esta cookie para recordar las preferencias de idioma seleccionadas por usted durante una visita anterior al sitio web o a otra p\u00e1gina.<br>Sin esta cookie, deber\u00e1 configurar el idioma de nuevo en una visita posterior a www.trust.com. De forma predeterminada, el idioma es el ingl\u00e9s.<\/li><li>Duraci\u00f3n<br>Se conserva durante un periodo m\u00e1ximo de 12 meses<\/li><\/ul>\n\n\n\n<h5 class=\"wp-block-heading\">Funcional<\/h5>\n\n\n\n<ul class=\"wp-block-list\"><li>Nombre<br>functional<\/li><li>Descripci\u00f3n<br>Utilizamos esta cookie para recordarle que ha iniciado sesi\u00f3n.<br>Sin esta cookie, usted no puede iniciar sesi\u00f3n.&nbsp;<\/li><li>Duraci\u00f3n<br>Se conserva durante un periodo m\u00e1ximo de 12 meses<\/li><\/ul>\n\n\n\n<h4 class=\"wp-block-heading\">COOKIES DE TERCEROS &#8211; COOKIES FUNCIONALES&nbsp;<\/h4>\n\n\n\n<h5 class=\"wp-block-heading\">ESTAD\u00cdSTICAS<\/h5>\n\n\n\n<p>A trav\u00e9s de nuestro sitio web se coloca una cookie de la empresa estadounidense Google como parte de los servicios de Google Analytics. Utilizamos estos servicios para registrar la forma en que los visitantes utilizan el sitio web y con qu\u00e9 equipo y para recibir informes sobre ello. Google puede proporcionar esta informaci\u00f3n a terceros si est\u00e1n legalmente obligados a ello, o en la medida en que terceras partes procesan la informaci\u00f3n por cuenta de Google. No tenemos ninguna influencia sobre esta cuesti\u00f3n. No hemos permitido a esta organizaci\u00f3n utilizar la informaci\u00f3n anal\u00edtica obtenida para otros servicios.<\/p>\n\n\n\n<p>La informaci\u00f3n que Google recopila est\u00e1 anonimizada. De forma expresa no se incluye la direcci\u00f3n IP. La informaci\u00f3n es transmitida y archivada por Google en servidores ubicados en los Estados Unidos y est\u00e1 protegida mediante una conexi\u00f3n https.<\/p>\n\n\n\n<p>Al aceptar esta cookie, usted nos autoriza a utilizar su direcci\u00f3n IP completa en Google Analytics. Solo utilizamos la direcci\u00f3n IP para determinar desde d\u00f3nde usted visita el sitio web. A efectos de optimizaci\u00f3n, mejora y an\u00e1lisis, solo el equipo de desarrollo web puede consultar los datos.<\/p>\n\n\n\n<p>Usted puede leer en la declaraci\u00f3n de <a href=\"https:\/\/policies.google.com\/privacy?hl=en\" target=\"_blank\" rel=\"noreferrer noopener\">privacidad de Google<\/a> (que es probable que cambie en cualquier momento) el uso que Google hace de sus datos personales, posiblemente recopilados mediante estas cookies.<\/p>\n\n\n\n<p>Cookies utilizadas por Google Analytics para actualizar estad\u00edsticas de los visitantes.<\/p>\n\n\n\n<ul class=\"wp-block-list\"><li>Nombre analytics<\/li><li>Descripci\u00f3n<br>Las cookies de Google Analytics se utilizan<ul><li>para registrar con qu\u00e9 frecuencia visita el sitio, incluidas las primeras y \u00faltimas visitas<\/li><li>para determinar el origen del visitante como, por ejemplo, un motor de b\u00fasqueda o un sitio de referencia, as\u00ed como los t\u00e9rminos de b\u00fasqueda y la regi\u00f3n.<\/li><li>para ralentizar la velocidad de b\u00fasqueda<\/li><\/ul>Sin esta cookie, la direcci\u00f3n IP completa no se procesa.<\/li><li>Duraci\u00f3n<br>Se conserva durante un periodo m\u00e1ximo de 12 meses<\/li><\/ul>\n\n\n\n<h5 class=\"wp-block-heading\">COOKIES DE MARKETING<\/h5>\n\n\n\n<p>Estas cookies nos ayudan a adaptar la publicidad que creemos que puede ser de inter\u00e9s para los usuarios y a recopilar y utilizar otros datos sobre las actividades de los usuarios en nuestros Sitios y \/ o Servicios (por ejemplo, para permitirles personalizar anuncios en servicios de terceros).<\/p>\n\n\n\n<p><strong>Facebook:&nbsp;<\/strong>Pixel de remarketing y conversi\u00f3n que permite a los especialistas en marketing de Trust enviar mensajes publicitarios a los consumidores interesados en nuestros productos y servicios y realizar un seguimiento de las conversiones de ventas.<\/p>\n\n\n\n<p>No se recopila informaci\u00f3n personal a trav\u00e9s del p\u00edxel. Consulte las declaraciones de privacidad y cookies de <a href=\"https:\/\/www.facebook.com\/policies\/cookies\/\" target=\"_blank\" rel=\"noreferrer noopener\">Facebook<\/a>&nbsp;y&nbsp;<a href=\"https:\/\/policies.google.com\/privacy?hl=nl\" target=\"_blank\" rel=\"noreferrer noopener\">Google<\/a>. aqu\u00ed.<\/p>\n","protected":false},"excerpt":{"rendered":"<p>\u00bfQU\u00c9 SON LAS COOKIES? Las cookies son unos sencillos archivos de texto de peque\u00f1o tama\u00f1o que se almacenan en el disco duro o en la memoria del ordenador. Las cookies no pueden da\u00f1ar el equipo ni los archivos que est\u00e1n almacenados en el mismo. En nuestra declaraci\u00f3n de privacidad explicamos los datos que recopilamos, c\u00f3mo [&hellip;]<\/p>\n","protected":false},"author":1,"featured_media":0,"parent":0,"menu_order":0,"comment_status":"closed","ping_status":"closed","template":"","meta":{"footnotes":""},"class_list":["post-1576","page","type-page","status-publish","hentry"],"_links":{"self":[{"href":"https:\/\/trustlatam.com\/newsroom\/wp-json\/wp\/v2\/pages\/1576","targetHints":{"allow":["GET"]}}],"collection":[{"href":"https:\/\/trustlatam.com\/newsroom\/wp-json\/wp\/v2\/pages"}],"about":[{"href":"https:\/\/trustlatam.com\/newsroom\/wp-json\/wp\/v2\/types\/page"}],"author":[{"embeddable":true,"href":"https:\/\/trustlatam.com\/newsroom\/wp-json\/wp\/v2\/users\/1"}],"replies":[{"embeddable":true,"href":"https:\/\/trustlatam.com\/newsroom\/wp-json\/wp\/v2\/comments?post=1576"}],"version-history":[{"count":2,"href":"https:\/\/trustlatam.com\/newsroom\/wp-json\/wp\/v2\/pages\/1576\/revisions"}],"predecessor-version":[{"id":1578,"href":"https:\/\/trustlatam.com\/newsroom\/wp-json\/wp\/v2\/pages\/1576\/revisions\/1578"}],"wp:attachment":[{"href":"https:\/\/trustlatam.com\/newsroom\/wp-json\/wp\/v2\/media?parent=1576"}],"curies":[{"name":"wp","href":"https:\/\/api.w.org\/{rel}","templated":true}]}}