{"id":883,"date":"2021-01-04T10:48:56","date_gmt":"2021-01-04T10:48:56","guid":{"rendered":"http:\/\/axilthemes.com\/themes\/blogar\/?page_id=3"},"modified":"2021-08-13T20:35:18","modified_gmt":"2021-08-13T20:35:18","slug":"terminos-de-uso","status":"publish","type":"page","link":"https:\/\/trustlatam.com\/newsroom\/terminos-de-uso\/","title":{"rendered":"T\u00e9rminos de Uso"},"content":{"rendered":"\n<h2 class=\"wp-block-heading\">Declaraci\u00f3n de derechos de autor<\/h2>\n\n\n\n<p>\u00a91995-2021 Trust International B.V. All rights reserved.<\/p>\n\n\n\n<h2 class=\"wp-block-heading\">Aviso de marcas comerciales<\/h2>\n\n\n\n<p>Trust, el logotipo de Trust y los productos de Trust a los que se hace referencia en este documento son marcas comerciales o marcas comerciales registradas de Trust. La ausencia de un nombre de producto o logotipo en este sitio web no constituye una renuncia a la marca registrada de Trust u otros derechos de propiedad intelectual relacionados con ese nombre o logotipo. Microsoft, Windows y Windows NT y \/ u otros productos de Microsoft a los que se hace referencia en el sitio web de Trust son marcas comerciales o marcas comerciales registradas de Microsoft. Todas las dem\u00e1s marcas son propiedad de sus respectivos due\u00f1os.<\/p>\n\n\n\n<h3 class=\"wp-block-heading\">Sitio web de exenci\u00f3n de responsabilidad<\/h3>\n\n\n\n<p>Todo el contenido incluido en este sitio, como texto, gr\u00e1ficos, logotipos, iconos de botones, im\u00e1genes, clips de audio, descargas digitales, compilaciones de datos y software, es propiedad exclusiva de Trust o de sus respectivos propietarios.<\/p>\n\n\n\n<h3 class=\"wp-block-heading\">Uso del sitio web<\/h3>\n\n\n\n<p>Los sitios web de Elements of Trust est\u00e1n protegidos por imagen comercial, marca registrada, competencia desleal y otras leyes y no pueden copiarse ni imitarse total o parcialmente. Ning\u00fan logotipo, gr\u00e1fico, sonido o imagen de ning\u00fan sitio web de Trust puede ser copiado o retransmitido a menos que Trust lo permita expresamente. La informaci\u00f3n de este sitio web se proporciona \u00fanicamente con fines informativos y est\u00e1 sujeta a cambios sin previo aviso. Se proporciona &#8220;TAL CUAL&#8221; y sin garant\u00eda. Cualquier riesgo que surja del uso de la informaci\u00f3n en este sitio web quedar\u00e1 en manos del lector. En ning\u00fan caso Trust ser\u00e1 responsable de ning\u00fan da\u00f1o indirecto, consecuente, incidental, especial, punitivo o de otro tipo (incluidos, entre otros, da\u00f1os por p\u00e9rdida de beneficios comerciales, interrupci\u00f3n del negocio o p\u00e9rdida de informaci\u00f3n comercial), que surja de o en conexi\u00f3n con la disponibilidad, rendimiento o uso de la informaci\u00f3n contenida en este sitio web, incluso si Trust ha sido advertido de las posibilidades de tales da\u00f1os. Trust le autoriza a ver y descargar los materiales de este sitio web solo para su uso personal y no comercial, siempre que conserve todos los avisos de derechos de autor y otros avisos de propiedad contenidos en los materiales originales o cualquier copia de los materiales. No puede modificar los materiales de este sitio web de ninguna manera ni reproducirlos, exhibirlos p\u00fablicamente, ejecutarlos, distribuirlos ni utilizarlos de ninguna otra manera para ning\u00fan fin p\u00fablico o comercial. A los efectos de estos T\u00e9rminos, se proh\u00edbe cualquier uso de estos materiales en cualquier otro sitio web o entorno inform\u00e1tico en red para cualquier prop\u00f3sito. Los materiales de este sitio web est\u00e1n protegidos por derechos de autor y cualquier uso no autorizado de cualquier material de este sitio web puede violar los derechos de autor, marcas comerciales y otras leyes. Si incumple cualquiera de estos T\u00e9rminos, su autorizaci\u00f3n para utilizar este sitio web termina autom\u00e1ticamente y debe destruir inmediatamente cualquier material descargado o impreso.<\/p>\n\n\n\n<h3 class=\"wp-block-heading\">Enlaces a sitios de terceros<\/h3>\n\n\n\n<p>Los enlaces a otros sitios web est\u00e1n disponibles en el sitio web de Trust y estos enlaces le permitir\u00e1n salir del sitio de Trust. Trust no ha revisado todos estos sitios vinculados. Los sitios vinculados no est\u00e1n bajo el control de Trust y Trust no es responsable del contenido de ning\u00fan sitio vinculado o de cualquier v\u00ednculo contenido en un sitio vinculado, o de cualquier cambio o actualizaci\u00f3n de dichos sitios. Estos enlaces se proporcionan solo para su conveniencia y no implican ning\u00fan respaldo o recomendaci\u00f3n por parte de Trust. Por lo tanto, Trust no respalda ni hace ninguna declaraci\u00f3n sobre ellos, o sobre cualquier informaci\u00f3n, software u otros productos o materiales que se encuentren all\u00ed, o cualquier resultado que pueda obtenerse al usarlos. Si decide acceder a cualquiera de los sitios vinculados a este sitio web, lo hace bajo su propio riesgo.<\/p>\n\n\n\n<h2 class=\"wp-block-heading\">Env\u00edos a trav\u00e9s del sitio web<\/h2>\n\n\n\n<p>Al publicar, cargar, ingresar, proporcionar o enviar (&#8220;Publicar&#8221;) su Env\u00edo, est\u00e1 otorgando permiso de confianza para usar su Env\u00edo, incluidos, entre otros, los derechos de licencia para: copiar, distribuir, transmitir, mostrar p\u00fablicamente, realizar p\u00fablicamente, reproducir, editar, traducir y reformatear su Env\u00edo y publicar su nombre en relaci\u00f3n con su env\u00edo. No se pagar\u00e1 ninguna compensaci\u00f3n con respecto al uso de su Env\u00edo, como se establece en este documento. Trust no tiene la obligaci\u00f3n de publicar o utilizar ning\u00fan env\u00edo que usted pueda proporcionar y Trust puede eliminar cualquier env\u00edo en cualquier momento a su entera discreci\u00f3n. Al publicar un env\u00edo, usted garantiza y declara que posee o controla todos los derechos de su env\u00edo como se describe en estos T\u00e9rminos de uso, incluidos, entre otros, todos los derechos necesarios para que usted proporcione, publique, cargue, ingrese o env\u00ede el Env\u00edos. Adem\u00e1s de la garant\u00eda y representaci\u00f3n establecidas anteriormente, al publicar un env\u00edo que contenga im\u00e1genes, fotograf\u00edas, im\u00e1genes o que sea gr\u00e1fico en su totalidad o en parte (&#8220;Im\u00e1genes&#8221;), usted garantiza y declara que (a) usted es el propietario de los derechos de autor. propietario de tales Im\u00e1genes, o que el propietario de los derechos de autor de dichas Im\u00e1genes le haya otorgado permiso para usar dichas Im\u00e1genes o cualquier contenido y \/ o im\u00e1genes contenidas en dichas Im\u00e1genes de acuerdo con la forma y el prop\u00f3sito de su uso y seg\u00fan lo permitan estos T\u00e9rminos de uso , (b) tiene los derechos necesarios para otorgar las licencias y sublicencias descritas en estos T\u00e9rminos de uso, y (c) que cada persona representada en dichas Im\u00e1genes, si la hubiera, ha dado su consentimiento para el uso de las Im\u00e1genes como se establece en estos T\u00e9rminos de uso, que incluyen, a modo de ejemplo, y no como limitaci\u00f3n, la distribuci\u00f3n, exhibici\u00f3n p\u00fablica y reproducci\u00f3n de dichas Im\u00e1genes. Al publicar im\u00e1genes, est\u00e1 otorgando (a) a todos los miembros del p\u00fablico en general, permiso para usar sus Im\u00e1genes en relaci\u00f3n con el uso, seg\u00fan lo permitido por estos T\u00e9rminos de uso, (incluido, a modo de ejemplo, y no como una limitaci\u00f3n , haciendo impresiones y art\u00edculos de regalo que incluyen tales Im\u00e1genes), e incluyendo, sin limitaci\u00f3n, una licencia no exclusiva, mundial y libre de regal\u00edas para: copiar, distribuir, transmitir, exhibir p\u00fablicamente, representar p\u00fablicamente, reproducir, editar, traducir y formatee sus Im\u00e1genes sin tener su nombre adjunto a dichas Im\u00e1genes. No se pagar\u00e1 ninguna compensaci\u00f3n con respecto al uso de sus Im\u00e1genes.<\/p>\n\n\n\n<h2 class=\"wp-block-heading\">Descargo de responsabilidad de software, controladores y documentaci\u00f3n<\/h2>\n\n\n\n<p>En ning\u00fan caso Trust ser\u00e1 responsable de ning\u00fan da\u00f1o especial, indirecto o consecuente o cualquier da\u00f1o que resulte de la p\u00e9rdida de uso, datos o ganancias, ya sea en una acci\u00f3n contractual, negligencia u otra acci\u00f3n tortuosa, que surja de o en conexi\u00f3n con el uso o rendimiento de software, controladores o documentos.<\/p>\n\n\n\n<h2 class=\"wp-block-heading\">Declaraci\u00f3n de derechos de autor de los manuales<\/h2>\n\n\n\n<p>Ninguna parte de nuestros manuales de instrucciones puede ser reproducida o transmitida, en cualquier forma o por cualquier medio, electr\u00f3nico o mec\u00e1nico, incluyendo fotocopias, grabaciones o sistemas de almacenamiento y recuperaci\u00f3n de informaci\u00f3n, para cualquier prop\u00f3sito que no sea el uso personal del comprador, sin previo escrito. permiso del fabricante.<\/p>\n\n\n\n<h2 class=\"wp-block-heading\">Declaraci\u00f3n de exenci\u00f3n de responsabilidad de los productos<\/h2>\n\n\n\n<p>El fabricante renuncia espec\u00edficamente a todas las garant\u00edas, ya sean expresas o impl\u00edcitas, incluidas, entre otras, las garant\u00edas impl\u00edcitas de comerciabilidad e idoneidad para un prop\u00f3sito particular, con respecto al software, los manuales del producto y el material escrito que lo acompa\u00f1an, y todos los otro hardware que lo acompa\u00f1a. El fabricante se reserva el derecho de revisar o realizar mejoras a su producto en cualquier momento y sin obligaci\u00f3n de notificar a ninguna persona sobre dichas revisiones o mejoras. En ning\u00fan caso el fabricante ser\u00e1 responsable de ning\u00fan da\u00f1o consecuente o incidental, incluida la p\u00e9rdida de beneficios comerciales o cualquier otro da\u00f1o comercial, que surja del uso de sus productos.<\/p>\n\n\n\n<h2 class=\"wp-block-heading\">Limitaci\u00f3n de responsabilidad<\/h2>\n\n\n\n<p>En ning\u00fan caso Trust, sus proveedores u otros terceros mencionados en este sitio ser\u00e1n responsables de cualquier da\u00f1o (incluidos, entre otros, los que resulten de la p\u00e9rdida de beneficios, la p\u00e9rdida de datos o la interrupci\u00f3n del negocio) que surjan del uso, la imposibilidad de utilizar , o los resultados del uso de este sitio, cualquier sitio web vinculado a este sitio, o los materiales o la informaci\u00f3n o los servicios contenidos en cualquiera o todos esos sitios, ya sea en base a garant\u00eda, contrato, agravio o cualquier otra teor\u00eda legal y si se aconseja o no de la posibilidad de tales da\u00f1os. Si su uso de los materiales, informaci\u00f3n o servicios de este sitio resulta en la necesidad de servicio, reparaci\u00f3n o correcci\u00f3n de equipos o datos, usted asume todos los costos de los mismos. Es posible que la ley aplicable no permita la exclusi\u00f3n o limitaci\u00f3n de da\u00f1os incidentales o consecuentes, por lo que es posible que la limitaci\u00f3n o exclusi\u00f3n anterior no se aplique en su caso.<\/p>\n\n\n\n<h3 class=\"wp-block-heading\">Leyes aplicables<\/h3>\n\n\n\n<p>Trust administra este sitio web desde sus oficinas en Dordrecht, Pa\u00edses Bajos. Trust no garantiza que los materiales o servicios de este sitio web sean apropiados o est\u00e9n disponibles para su uso fuera de los Pa\u00edses Bajos, y el acceso a ellos desde territorios donde sus contenidos son ilegales est\u00e1 prohibido. No puede utilizar, exportar o reexportar los materiales o servicios de este sitio web o cualquier copia o adaptaci\u00f3n que infrinja las leyes o regulaciones aplicables, incluidas, entre otras, las leyes y regulaciones de exportaci\u00f3n holandesas. Si elige acceder a este sitio web desde fuera de los Pa\u00edses Bajos, lo hace por su propia iniciativa y es responsable del cumplimiento de las leyes locales aplicables. Estos T\u00e9rminos se regir\u00e1n e interpretar\u00e1n de acuerdo con las leyes de los Pa\u00edses Bajos, sin dar efecto a ning\u00fan principio de conflicto de leyes.<\/p>\n\n\n\n<h3 class=\"wp-block-heading\">Informaci\u00f3n general<\/h3>\n\n\n\n<p>Trust puede revisar estos T\u00e9rminos en cualquier momento actualizando esta publicaci\u00f3n. Debe visitar esta p\u00e1gina de vez en cuando para revisar los T\u00e9rminos vigentes en ese momento porque son vinculantes. Ciertas disposiciones de estos T\u00e9rminos pueden ser reemplazadas por avisos legales expresamente designados o t\u00e9rminos ubicados en p\u00e1ginas particulares de este sitio web. Todos los derechos no otorgados expresamente en este documento est\u00e1n reservados. Si tiene alguna pregunta o inquietud sobre los Avisos legales de confianza, comun\u00edquese con nosotros a webmaster@trust.com. Revisado en marzo de 2009<\/p>\n","protected":false},"excerpt":{"rendered":"<p>Declaraci\u00f3n de derechos de autor \u00a91995-2021 Trust International B.V. All rights reserved. Aviso de marcas comerciales Trust, el logotipo de Trust y los productos de Trust a los que se hace referencia en este documento son marcas comerciales o marcas comerciales registradas de Trust. La ausencia de un nombre de producto o logotipo en este [&hellip;]<\/p>\n","protected":false},"author":1,"featured_media":0,"parent":0,"menu_order":0,"comment_status":"closed","ping_status":"open","template":"","meta":{"footnotes":""},"class_list":["post-883","page","type-page","status-publish","hentry"],"_links":{"self":[{"href":"https:\/\/trustlatam.com\/newsroom\/wp-json\/wp\/v2\/pages\/883","targetHints":{"allow":["GET"]}}],"collection":[{"href":"https:\/\/trustlatam.com\/newsroom\/wp-json\/wp\/v2\/pages"}],"about":[{"href":"https:\/\/trustlatam.com\/newsroom\/wp-json\/wp\/v2\/types\/page"}],"author":[{"embeddable":true,"href":"https:\/\/trustlatam.com\/newsroom\/wp-json\/wp\/v2\/users\/1"}],"replies":[{"embeddable":true,"href":"https:\/\/trustlatam.com\/newsroom\/wp-json\/wp\/v2\/comments?post=883"}],"version-history":[{"count":3,"href":"https:\/\/trustlatam.com\/newsroom\/wp-json\/wp\/v2\/pages\/883\/revisions"}],"predecessor-version":[{"id":2018,"href":"https:\/\/trustlatam.com\/newsroom\/wp-json\/wp\/v2\/pages\/883\/revisions\/2018"}],"wp:attachment":[{"href":"https:\/\/trustlatam.com\/newsroom\/wp-json\/wp\/v2\/media?parent=883"}],"curies":[{"name":"wp","href":"https:\/\/api.w.org\/{rel}","templated":true}]}}