{"id":2004,"date":"2021-07-30T15:33:08","date_gmt":"2021-07-30T15:33:08","guid":{"rendered":"http:\/\/trustlatam.com\/newsroom\/?page_id=3"},"modified":"2021-07-30T15:33:08","modified_gmt":"2021-07-30T15:33:08","slug":"politica-privacidad","status":"publish","type":"page","link":"https:\/\/trustlatam.com\/pt\/newsroom\/politica-privacidad\/","title":{"rendered":"Declaraci\u00f3n de privacidad"},"content":{"rendered":"\n<h2 class=\"wp-block-heading\">Definiciones<\/h2>\n\n\n\n<p>Por &#8220;nosotros&#8221; se entiende Trust International.<\/p>\n\n\n\n<p>Por &#8220;sitio web&#8221; se entiende el sitio web de Trust International, www.trustlatam.com<\/p>\n\n\n\n<p>Por &#8220;datos personales&#8221; se entienden los datos acerca de usted, \u2014mediante los cuales puede ser identificado personalmente\u2014, como su nombre, direcci\u00f3n f\u00edsica y direcci\u00f3n de correo electr\u00f3nico, y que no est\u00e1n a disposici\u00f3n del p\u00fablico por otros medios.<\/p>\n\n\n\n<h2 class=\"wp-block-heading\">\u00bfDe que se trata esta declaraci\u00f3n de privacidad?<\/h2>\n\n\n\n<p>Esta declaraci\u00f3n de privacidad se refiere a la forma en la que Trust International trata los datos personales recopilados y recibidos por Trust International, incluidos los datos con respecto al uso de usted de los servicios de Trust International en el pasado y el uso de cookies con respecto al uso del sitio web.<\/p>\n\n\n\n<p>Esta declaraci\u00f3n de privacidad se modificar\u00e1 peri\u00f3dicamente. Le aconsejamos que consulte la declaraci\u00f3n de privacidad peri\u00f3dicamente para mantenerse informado de los cambios y de las \u00faltimas disposiciones.<\/p>\n\n\n\n<p>Esta declaraci\u00f3n de privacidad no se aplica a las actividades de empresas que no son propiedad de Trust International o no administradas por Trust International, ni a las personas que no son empleados de Trust International o que no se encuentran bajo la direcci\u00f3n de Trust International.<\/p>\n\n\n\n<p>Trust International no tiene la intenci\u00f3n de recopilar datos sobre los visitantes del sitio web que son menores de 16 a\u00f1os. A excepci\u00f3n de que cuenten con el permiso de sus padres o tutores. Sin embargo, no podemos verificar si un visitante tiene m\u00e1s de 16 a\u00f1os. Aconsejamos que los padres participen en las actividades en l\u00ednea de sus hijos a fin de evitar que se recopilen datos sobre ni\u00f1os sin permiso de los padres. Si cree que hemos recopilado datos personales de un menor sin permiso, p\u00f3ngase en contacto con nosotros y los borraremos.<\/p>\n\n\n\n<p><\/p>\n\n\n\n<h3 class=\"wp-block-heading\">Recopilaci\u00f3n de datos personales<\/h3>\n\n\n\n<p>Nuestro objetivo principal en la recopilaci\u00f3n de datos personales es la gesti\u00f3n, el seguimiento y la mejora del sitio web, sus contenidos y funciones, as\u00ed como la prestaci\u00f3n y mejora de los servicios y verificar que los usuarios de los servicios cumplen los criterios que son necesarios para poder procesar sus solicitudes. Esto lo hacemos con el fin de mejorar la experiencia de usuario de los visitantes al sitio, los clientes y los usuarios de nuestro sitio web.<\/p>\n\n\n\n<p>Trust International solo recopila los datos personales de usted sobre la base de la emisi\u00f3n activa: la emisi\u00f3n activa implica que usted sabe positivamente que Trust International recopila datos personales. Todos sus datos personales se utilizar\u00e1n exclusivamente para los fines para los que usted ha concedido permiso.<\/p>\n\n\n\n<h3 class=\"wp-block-heading\"><strong>Cuenta<\/strong><\/h3>\n\n\n\n<p>Cuando usted visita nuestro sitio web, tiene la posibilidad de crear una cuenta de cliente donde podr\u00e1 registrar sus productos. Si decide crear una cuenta, sepa que recogemos los siguientes datos personales de usted:<\/p>\n\n\n\n<ul class=\"wp-block-list\"><li>Su nombre para que tenga una p\u00e1gina personalizada.<\/li><li>Su correo electr\u00f3nico para que podamos vincularle con los productos que desea registrar.<\/li><\/ul>\n\n\n\n<h3 class=\"wp-block-heading\"><strong><strong>Pieza de recambio<\/strong><\/strong><\/h3>\n\n\n\n<p>El formulario se usa para solicitar una pieza de recambio. Si decide solicitar una pieza de recambio, sepa que recogemos los siguientes datos personales de usted:<\/p>\n\n\n\n<ul class=\"wp-block-list\"><li>Nombre, apellido(s), direcci\u00f3n f\u00edsica, c\u00f3digo postal, ciudad y pa\u00eds. De este modo sabemos a qui\u00e9n debemos enviar la pieza.<\/li><\/ul>\n\n\n\n<h3 class=\"wp-block-heading\">Newsletters<\/h3>\n\n\n\n<p>Puede suscribirse a los boletines informativos de Trust International. Si decide recibir los boletines informativos, sepa que recogemos los siguientes datos personales de usted:<\/p>\n\n\n\n<ul class=\"wp-block-list\"><li>Direcci\u00f3n de correo electr\u00f3nico, a la que se enviar\u00e1n los boletines informativos.<\/li><\/ul>\n\n\n\n<h3 class=\"wp-block-heading\">Contacto iniciado por usted<\/h3>\n\n\n\n<p>Si nos contacta por tel\u00e9fono, correo electr\u00f3nico o por otros medios, podemos recopilar datos personales de usted con el fin de ofrecerle un mejor servicio. Podemos ponernos en contacto con usted si ha solicitado informaci\u00f3n o si nos ha solicitado una notificaci\u00f3n. \u00danicamente pedimos los datos necesarios para poder ofrecerle<br>un mejor servicio.<\/p>\n\n\n\n<h3 class=\"wp-block-heading\"><strong>Solicitud de empleo<\/strong><\/h3>\n\n\n\n<p>A trav\u00e9s del sitio web existe la posibilidad de solicitar un puesto de trabajo en Trust International. Si decide ofrecerse como candidato, sepa que recogemos datos personales acerca de usted, lo que incluye, sin limitaci\u00f3n, su curriculum vitae, carta de presentaci\u00f3n y dem\u00e1s documentos relacionados con la solicitud que desee proporcionar a Trust International, as\u00ed como sus datos de contacto.<\/p>\n\n\n\n<p>Los datos que utilizaremos en relaci\u00f3n con su solicitud para un puesto de trabajo en Trust International.<\/p>\n\n\n\n<h2 class=\"wp-block-heading\">Patrocinio de equipos y programa de embajadores de Trust Gaming<\/h2>\n\n\n\n<p>Trust International tiene diversos paquetes de patrocinio. Si decide registrarse, le pediremos informaci\u00f3n personal e informaci\u00f3n no identificativa sobre el portal o sitio web de su equipo.<\/p>\n\n\n\n<h2 class=\"wp-block-heading\">Actividades de promoci\u00f3n o competiciones<\/h2>\n\n\n\n<p>Podemos recopilar datos personales acerca de usted a fin de ofrecer un mejor servicio y para proporcionarle informaci\u00f3n adecuada. Los ganadores de un premio ser\u00e1n notificados por tel\u00e9fono, correo electr\u00f3nico o correo postal en la direcci\u00f3n de correo electr\u00f3nico o direcci\u00f3n postal o n\u00famero de tel\u00e9fono facilitados por el participante.<\/p>\n\n\n\n<h2 class=\"wp-block-heading\">Protecci\u00f3n de datos personales<\/h2>\n\n\n\n<p>En ning\u00fan caso ning\u00fan dato proporcionado por usted ser\u00e1 vendido o cedido a terceros o utilizados para otros fines, con las siguientes excepciones:<\/p>\n\n\n\n<ul class=\"wp-block-list\"><li>Cuando as\u00ed se indique expl\u00edcitamente en la p\u00e1gina donde se recopilan los datos.<\/li><li>Cuando se haya emitido una orden judicial que ordene facilitar los datos.<\/li><\/ul>\n\n\n\n<p>Cuando se requieran datos personales para coordinar la informaci\u00f3n con las necesidades del usuario y para contactar con los usuarios en caso necesario.<\/p>\n\n\n\n<p>Aunque se toman las precauciones adecuadas para proteger sus datos personales, Trust International no puede garantizar que los datos personales identificables recabados nunca se divulguen en una forma que no est\u00e9 conforme con esta declaraci\u00f3n de privacidad. Empleamos los procedimientos f\u00edsicos y electr\u00f3nicos correctos y los procedimientos normativos correctos para evitar el acceso no autorizado, mantener la protecci\u00f3n de datos y utilizar correctamente los datos que recopilamos en l\u00ednea.<\/p>\n\n\n\n<h2 class=\"wp-block-heading\">Pol\u00edtica sobre el correo electr\u00f3nico<\/h2>\n\n\n\n<ul class=\"wp-block-list\"><li>Trust International utiliza archivos opt-in para controlar el registro de datos de los usuarios (por ejemplo, el Centro de servicio).<\/li><li>Solamente recibir\u00e1 correos electr\u00f3nicos mediante los res\u00famenes de correo de Trust International a los que usted se haya suscrito.<\/li><li>Despu\u00e9s de registrarse en el Centro de servicio, recibir\u00e1 una confirmaci\u00f3n por correo electr\u00f3nico. Si no lleva a cabo las acciones solicitadas en el correo electr\u00f3nico (porque, por ejemplo, usted no ha solicitado la cuenta), la cuenta se desactivar\u00e1 autom\u00e1ticamente.<\/li><li>Despu\u00e9s de completar la inscripci\u00f3n cumplimentando un formulario con sus datos de contacto o mediante la solicitud de datos a trav\u00e9s del sitio web, es posible que reciba un correo electr\u00f3nico en el que se le pedir\u00e1 que confirme su solicitud. Esto no implica en modo alguno que se haya suscrito a un resumen de correo.<\/li><\/ul>\n\n\n\n<h2 class=\"wp-block-heading\">Cookies<\/h2>\n\n\n\n<p>Trust International utiliza cookies para optimizar el funcionamiento de determinadas p\u00e1ginas del sitio web. Las cookies son peque\u00f1os archivos de texto que son colocadas en el ordenador por una p\u00e1gina del sitio web. Una cookie puede almacenar cierta informaci\u00f3n como, por ejemplo, el idioma de preferencia. Los datos personales no se almacenan en las cookies, a menos que usted lo acepte expresamente.<\/p>\n\n\n\n<p>Las cookies siempre pueden ser eliminadas del ordenador a trav\u00e9s del navegador. Usted mismo puede determinar c\u00f3mo deben tratarse las cookies modificando la configuraci\u00f3n de las mismas. Lea atentamente nuestra declaraci\u00f3n sobre cookies.<\/p>\n\n\n\n<p>Google Analytics recopila datos anonimizados acerca del comportamiento de navegaci\u00f3n en el sitio web. Utilizamos esta informaci\u00f3n para mejorar la calidad del sitio web. Tambi\u00e9n mejoramos el funcionamiento del sitio web por este medio. A fin de posibilitar un procesamiento minucioso, hemos tomado las precauciones siguientes:<\/p>\n\n\n\n<ul class=\"wp-block-list\"><li>Hemos establecido un acuerdo de procesador con Google.<\/li><li>Hemos ocultado el \u00faltimo octeto de la direcci\u00f3n IP.<\/li><li>Hemos desactivado todas las opciones que ofrece Google para &#8220;compartir datos con Google&#8221;;<\/li><li>No utilizamos ning\u00fan otro servicio de Google en combinaci\u00f3n con las cookies de Google Analytics.<\/li><\/ul>\n\n\n\n<p>Al aceptar esta cookie, usted nos autoriza a utilizar su direcci\u00f3n IP completa en Google Analytics. Solo utilizamos la direcci\u00f3n IP para determinar desde d\u00f3nde usted visita el sitio web. A efectos de optimizaci\u00f3n, mejora y an\u00e1lisis, solo el equipo de desarrollo web puede consultar los datos.<\/p>\n\n\n\n<h3 class=\"wp-block-heading\">Cookies de Marketing<\/h3>\n\n\n\n<p>Estas cookies nos ayudan a adaptar la publicidad que creemos que puede ser de inter\u00e9s para los usuarios y a recopilar y utilizar otros datos sobre las actividades de los usuarios en nuestros Sitios y \/ o Servicios (por ejemplo, para permitirles personalizar anuncios en servicios de terceros).<\/p>\n\n\n\n<h3 class=\"wp-block-heading\">Uso e intercambios de datos<\/h3>\n\n\n\n<p>Usamos los datos que recopilamos para proporcionarle experiencias ricas e interactivas. En concreto, podemos utilizar los datos para:<\/p>\n\n\n\n<ul class=\"wp-block-list\"><li>personalizar su experiencia;<\/li><li>enviarle anuncios y promociones sujetas a los requisitos legales aplicables, que pueden incluir el env\u00edo de comunicaciones comerciales, la publicidad dirigida y la presentaci\u00f3n de ofertas relevantes para usted.<\/li><\/ul>\n\n\n\n<p>No vendemos sus datos personales. Podemos compartir sus datos personales con terceros bajo ciertas circunstancias. Utilizamos proveedores de servicios afiliados y no afiliados que nos ayudan a procesar datos personales para prestar servicios y desarrollar nuestro negocio bajo estrictos acuerdos de confidencialidad. Por ejemplo, los proveedores de servicios ayudan a realizar las siguientes funciones:<\/p>\n\n\n\n<div class=\"wp-block-columns is-layout-flex wp-container-core-columns-is-layout-9d6595d7 wp-block-columns-is-layout-flex\">\n<div class=\"wp-block-column is-layout-flow wp-block-column-is-layout-flow\">\n<p><strong>Descripci\u00f3n del servicio<\/strong><\/p>\n\n\n\n<ul class=\"wp-block-list\"><li>Administrador de aceptaci\u00f3n de cookies<\/li><li>Promociones y noticias relevantes<\/li><li>Administrador de aceptaci\u00f3n de cookies<\/li><\/ul>\n\n\n\n<p><\/p>\n<\/div>\n\n\n\n<div class=\"wp-block-column is-layout-flow wp-block-column-is-layout-flow\">\n<p><strong>Datos proporcionados<\/strong><\/p>\n\n\n\n<ul class=\"wp-block-list\"><li>Datos de contacto, datos de cookies<\/li><li>Datos de cookies, interacciones con el sitio Web<\/li><li>Datos de cookies<\/li><\/ul>\n<\/div>\n\n\n\n<div class=\"wp-block-column is-layout-flow wp-block-column-is-layout-flow\">\n<p><strong>Prop\u00f3sito<\/strong><\/p>\n\n\n\n<ul class=\"wp-block-list\"><li>Para proporcionar informaci\u00f3n e incentivos para nuestros productos y servicios<\/li><li>Para habilitar la funcionalidad y las caracter\u00edsticas mientras se visitan nuestros sitios Web<\/li><li>Para proporcionar la posibilidad de elegir las cookies que se permiten en nuestros sitios Web<\/li><\/ul>\n<\/div>\n<\/div>\n\n\n\n<p>Estas empresas est\u00e1n obligadas a cumplir con nuestros requisitos de protecci\u00f3n y seguridad de datos, y no pueden usar los datos personales que reciben de nosotros para ning\u00fan otro fin.<\/p>\n\n\n\n<p>Podemos revelar su informaci\u00f3n personal para<\/p>\n\n\n\n<ul class=\"wp-block-list\"><li>Cumplir las leyes aplicables y los requisitos reglamentarios que corresponda y para responder a cualesquiera solicitudes legales, \u00f3rdenes judiciales y procesos legales;<\/li><li>Para proteger y defender nuestros derechos o propiedades as\u00ed como los de terceros, as\u00ed como para la aplicaci\u00f3n de acuerdos, pol\u00edticas y t\u00e9rminos de uso;<\/li><li>En una emergencia, incluso para proteger la seguridad de nuestros empleados o cualquier persona; o<\/li><li>En relaci\u00f3n con la investigaci\u00f3n o prevenci\u00f3n del fraude.<\/li><\/ul>\n\n\n\n<p>Podemos compartir sus datos personales para cumplir con un acuerdo comercial, o en la negociaci\u00f3n de un acuerdo comercial, que implique la venta o transferencia de todo o parte de nuestro negocio o activos. Estos acuerdos pueden incluir cualquier fusi\u00f3n, financiaci\u00f3n, adquisici\u00f3n, segregaci\u00f3n, enajenaci\u00f3n, empresa conjunta o asociaci\u00f3n, o procedimiento de refinanciaci\u00f3n, insolvencia o quiebra.<\/p>\n\n\n\n<p>Tambi\u00e9n utilizamos y compartimos libremente informaci\u00f3n agregada y seudonimizada con fines de rendimiento y an\u00e1lisis, la cual no se puede utilizar para identificarle individualmente.<\/p>\n\n\n\n<h3 class=\"wp-block-heading\">Derecho a inspeccionar y eliminar datos<\/h3>\n\n\n\n<p>Usted tiene derecho a revisar, corregir y borrar sus datos.<\/p>\n\n\n\n<p>En todo momento, usted tiene la posibilidad de borrar sus datos personales que est\u00e9n vinculados a su perfil de usuario eliminando dicho perfil del sitio web.<\/p>\n\n\n\n<p>Conservamos su perfil de usuario hasta que caduque el periodo de garant\u00eda del producto adquirido y registrado. (2 a\u00f1os)<\/p>\n\n\n\n<p>Conservamos la informaci\u00f3n personal que usted decide compartir con nosotros. Conservamos sus datos hasta que ya no sean necesarios para procesar esos datos;<\/p>\n\n\n\n<ul class=\"wp-block-list\"><li>su solicitud de soporte se ha llevado a cabo y puede darse por finalizada.<\/li><li>ha finalizado un concurso o cuestionario y usted no es el ganador, o ya nos hemos puesto en contacto con el ganador.<\/li><li>no m\u00e1s de cuatro semanas despu\u00e9s de finalizar el procedimiento de solicitud. Usted puede optar por autorizar la conservaci\u00f3n de los datos durante m\u00e1s tiempo en el caso de que haya un puesto adecuado disponible en el futuro. Durante no m\u00e1s de un a\u00f1o despu\u00e9s de que haya finalizado el procedimiento de solicitud.<\/li><li>usted haya cancelado la suscripci\u00f3n al bolet\u00edn informativo.<\/li><li>se haya eliminado su perfil del sitio web.<\/li><li>usted haya recibido la pieza de repuesto.<\/li><li>usted desee anular el registro del paquete de patrocinio o al anular el registro del paquete de patrocinio.<\/li><li>usted no haya validado su perfil en un intervalo de 30 d\u00edas.<\/li><\/ul>\n\n\n\n<p>Si su cuenta ha sido validada, pero no tiene ning\u00fan producto registrado, recibir\u00e1 un recordatorio por correo electr\u00f3nico al cabo de seis meses pregunt\u00e1ndole si desea conservar su cuenta.<\/p>\n\n\n\n<p>Si su cuenta est\u00e1 validada y usted tiene productos registrados, entonces conservaremos sus datos hasta el final de la garant\u00eda sobre el \u00faltimo producto vinculado (dos a\u00f1os). Despu\u00e9s de este periodo, recibir\u00e1 un recordatorio por correo electr\u00f3nico que le preguntar\u00e1 si desea conservar su cuenta.<\/p>\n\n\n\n<p>Si por cualquier motivo existe alguna sospecha de comportamiento fraudulento, nos reservamos el derecho a mantener sus datos por el tiempo que sea necesario para proteger nuestros intereses.<\/p>\n\n\n\n<p>Usted tiene la posibilidad de modificar los datos suministrados en cualquier momento. En tal caso, Trust International le pedir\u00e1 que nos informe de los cambios en la forma prescrita y, en algunos casos, se puede solicitar la identificaci\u00f3n correspondiente.<\/p>\n\n\n\n<h3 class=\"wp-block-heading\">Contacto<\/h3>\n\n\n\n<p>A Trust Americas le interesa su opini\u00f3n. Si desea realizar un comentario o pregunta acerca de nuestra declaraci\u00f3n de privacidad, p\u00f3ngase en contacto con nosotros a trav\u00e9s de:<\/p>\n\n\n\n<p>Trust Americas Representation LLC<br>1 Alhambra Plaza, PH Floor<br>Coral Gables, FL 33134<br>United States of America<\/p>\n\n\n\n<p>Correo electr\u00f3nico: <a href=\"mailto:marketing@trustamericas.com\">marketing@trustamericas.com<\/a><\/p>\n\n\n\n<h3 class=\"wp-block-heading\">Fecha de entrada en vigor<\/h3>\n\n\n\n<p>Esta declaraci\u00f3n de privacidad entr\u00f3 en vigor el: 19-10-2020<\/p>\n","protected":false},"excerpt":{"rendered":"<p>Definiciones Por &#8220;nosotros&#8221; se entiende Trust International. Por &#8220;sitio web&#8221; se entiende el sitio web de Trust International, www.trustlatam.com Por &#8220;datos personales&#8221; se entienden los datos acerca de usted, \u2014mediante los cuales puede ser identificado personalmente\u2014, como su nombre, direcci\u00f3n f\u00edsica y direcci\u00f3n de correo electr\u00f3nico, y que no est\u00e1n a disposici\u00f3n del p\u00fablico por [&hellip;]<\/p>\n","protected":false},"author":1,"featured_media":0,"parent":0,"menu_order":0,"comment_status":"closed","ping_status":"open","template":"","meta":{"footnotes":""},"class_list":["post-2004","page","type-page","status-publish","hentry"],"_links":{"self":[{"href":"https:\/\/trustlatam.com\/pt\/newsroom\/wp-json\/wp\/v2\/pages\/2004","targetHints":{"allow":["GET"]}}],"collection":[{"href":"https:\/\/trustlatam.com\/pt\/newsroom\/wp-json\/wp\/v2\/pages"}],"about":[{"href":"https:\/\/trustlatam.com\/pt\/newsroom\/wp-json\/wp\/v2\/types\/page"}],"author":[{"embeddable":true,"href":"https:\/\/trustlatam.com\/pt\/newsroom\/wp-json\/wp\/v2\/users\/1"}],"replies":[{"embeddable":true,"href":"https:\/\/trustlatam.com\/pt\/newsroom\/wp-json\/wp\/v2\/comments?post=2004"}],"version-history":[{"count":0,"href":"https:\/\/trustlatam.com\/pt\/newsroom\/wp-json\/wp\/v2\/pages\/2004\/revisions"}],"wp:attachment":[{"href":"https:\/\/trustlatam.com\/pt\/newsroom\/wp-json\/wp\/v2\/media?parent=2004"}],"curies":[{"name":"wp","href":"https:\/\/api.w.org\/{rel}","templated":true}]}}