{"id":383,"date":"2021-01-22T08:31:51","date_gmt":"2021-01-22T08:31:51","guid":{"rendered":"http:\/\/axilthemes.com\/themes\/blogar\/?page_id=383"},"modified":"2021-11-04T00:03:07","modified_gmt":"2021-11-04T00:03:07","slug":"contato","status":"publish","type":"page","link":"https:\/\/trustlatam.com\/pt\/newsroom\/contato\/","title":{"rendered":"Entre em contato conosco"},"content":{"rendered":"\t\t<div data-elementor-type=\"wp-page\" data-elementor-id=\"383\" class=\"elementor elementor-383\">\n\t\t\t\t\t\t\t\t\t<section class=\"elementor-section elementor-top-section elementor-element elementor-element-db4d953 elementor-section-full_width elementor-section-stretched elementor-section-height-default elementor-section-height-default\" data-id=\"db4d953\" data-element_type=\"section\" data-settings=\"{&quot;stretch_section&quot;:&quot;section-stretched&quot;}\">\n\t\t\t\t\t\t<div class=\"elementor-container elementor-column-gap-default\">\n\t\t\t\t\t<div class=\"elementor-column elementor-col-100 elementor-top-column elementor-element elementor-element-6cce75b\" data-id=\"6cce75b\" data-element_type=\"column\">\n\t\t\t<div class=\"elementor-widget-wrap elementor-element-populated\">\n\t\t\t\t\t\t\t\t<section class=\"elementor-section elementor-inner-section elementor-element elementor-element-b11b5ba elementor-section-boxed elementor-section-height-default elementor-section-height-default\" data-id=\"b11b5ba\" data-element_type=\"section\">\n\t\t\t\t\t\t<div class=\"elementor-container elementor-column-gap-default\">\n\t\t\t\t\t<div class=\"elementor-column elementor-col-50 elementor-inner-column elementor-element elementor-element-1df0af8\" data-id=\"1df0af8\" data-element_type=\"column\">\n\t\t\t<div class=\"elementor-widget-wrap elementor-element-populated\">\n\t\t\t\t\t\t\t\t<div class=\"elementor-element elementor-element-124c395 elementor-widget elementor-widget-heading\" data-id=\"124c395\" data-element_type=\"widget\" data-widget_type=\"heading.default\">\n\t\t\t\t<div class=\"elementor-widget-container\">\n\t\t\t<style>\/*! elementor - v3.7.1 - 14-08-2022 *\/\n.elementor-heading-title{padding:0;margin:0;line-height:1}.elementor-widget-heading .elementor-heading-title[class*=elementor-size-]>a{color:inherit;font-size:inherit;line-height:inherit}.elementor-widget-heading .elementor-heading-title.elementor-size-small{font-size:15px}.elementor-widget-heading .elementor-heading-title.elementor-size-medium{font-size:19px}.elementor-widget-heading .elementor-heading-title.elementor-size-large{font-size:29px}.elementor-widget-heading .elementor-heading-title.elementor-size-xl{font-size:39px}.elementor-widget-heading .elementor-heading-title.elementor-size-xxl{font-size:59px}<\/style><h3 class=\"elementor-heading-title elementor-size-default\">Queremos conhec\u00ea-lo para ajud\u00e1-lo no que for necess\u00e1rio <\/h3>\t\t<\/div>\n\t\t\t\t<\/div>\n\t\t\t\t<div class=\"elementor-element elementor-element-6aa19ad elementor-widget elementor-widget-text-editor\" data-id=\"6aa19ad\" data-element_type=\"widget\" data-widget_type=\"text-editor.default\">\n\t\t\t\t<div class=\"elementor-widget-container\">\n\t\t\t<style>\/*! elementor - v3.7.1 - 14-08-2022 *\/\n.elementor-widget-text-editor.elementor-drop-cap-view-stacked .elementor-drop-cap{background-color:#818a91;color:#fff}.elementor-widget-text-editor.elementor-drop-cap-view-framed .elementor-drop-cap{color:#818a91;border:3px solid;background-color:transparent}.elementor-widget-text-editor:not(.elementor-drop-cap-view-default) .elementor-drop-cap{margin-top:8px}.elementor-widget-text-editor:not(.elementor-drop-cap-view-default) .elementor-drop-cap-letter{width:1em;height:1em}.elementor-widget-text-editor .elementor-drop-cap{float:left;text-align:center;line-height:1;font-size:50px}.elementor-widget-text-editor .elementor-drop-cap-letter{display:inline-block}<\/style>\t\t\t\t<p><span class=\"VIiyi\" lang=\"pt\"><span class=\"JLqJ4b ChMk0b\" data-language-for-alternatives=\"pt\" data-language-to-translate-into=\"es\" data-phrase-index=\"0\" data-number-of-phrases=\"2\">Obrigado por nos visitar, com certeza voc\u00ea precisa entrar em contato com a Trust.<\/span> <span class=\"JLqJ4b ChMk0b\" data-language-for-alternatives=\"pt\" data-language-to-translate-into=\"es\" data-phrase-index=\"1\" data-number-of-phrases=\"2\">Em passos simples, voc\u00ea poder\u00e1 nos dizer sua preocupa\u00e7\u00e3o, n\u00f3s responderemos o mais r\u00e1pido poss\u00edvel.<\/span><\/span><\/p>\n<p><strong>Trust Americas Representation LLC<\/strong><br \/>Rua Pamplona 1.445<br \/>Sala 81-82 \u2013 Jardins<br \/>S\u00e3o Paulo \u2013 SP &#8211; CEP 01405 003<\/p>\t\t\t\t\t\t<\/div>\n\t\t\t\t<\/div>\n\t\t\t\t\t<\/div>\n\t\t<\/div>\n\t\t\t\t<div class=\"elementor-column elementor-col-50 elementor-inner-column elementor-element elementor-element-52efaf7\" data-id=\"52efaf7\" data-element_type=\"column\">\n\t\t\t<div class=\"elementor-widget-wrap elementor-element-populated\">\n\t\t\t\t\t\t\t\t<div class=\"elementor-element elementor-element-55d14796 elementor-widget elementor-widget-text-editor\" data-id=\"55d14796\" data-element_type=\"widget\" data-widget_type=\"text-editor.default\">\n\t\t\t\t<div class=\"elementor-widget-container\">\n\t\t\t\t\t\t\t<!-- wp:columns -->\n<div class=\"wp-block-columns\"><!-- wp:column {\"hasCustomCSS\":true} -->\n<div class=\"wp-block-column\"><!-- wp:html -->\n<div class=\"embed-container\"><iframe src=\"https:\/\/www.trustlatam.com\/newsroom\/wp-content\/themes\/blogar\/template-parts\/contacto\/index.html\" frameborder=\"0\" allowfullscreen=\"allowfullscreen\"><\/iframe><\/div>\n<!-- \/wp:html --><\/div>\n<!-- \/wp:column --><\/div>\n<!-- \/wp:columns -->\n\t\t\t\t\t\t<\/div>\n\t\t\t\t<\/div>\n\t\t\t\t\t<\/div>\n\t\t<\/div>\n\t\t\t\t\t\t\t<\/div>\n\t\t<\/section>\n\t\t\t\t\t<\/div>\n\t\t<\/div>\n\t\t\t\t\t\t\t<\/div>\n\t\t<\/section>\n\t\t\t\t\t\t\t<\/div>\n\t\t","protected":false},"excerpt":{"rendered":"<p>Queremos conhec\u00ea-lo para ajud\u00e1-lo no que for necess\u00e1rio Obrigado por nos visitar, com certeza voc\u00ea precisa entrar em contato com a Trust. Em passos simples, voc\u00ea poder\u00e1 nos dizer sua preocupa\u00e7\u00e3o, n\u00f3s responderemos o mais r\u00e1pido poss\u00edvel. Trust Americas Representation LLCRua Pamplona 1.445Sala 81-82 \u2013 JardinsS\u00e3o Paulo \u2013 SP &#8211; CEP 01405 003<\/p>\n","protected":false},"author":1,"featured_media":1341,"parent":0,"menu_order":0,"comment_status":"closed","ping_status":"closed","template":"","meta":{"footnotes":""},"class_list":["post-383","page","type-page","status-publish","has-post-thumbnail","hentry"],"_links":{"self":[{"href":"https:\/\/trustlatam.com\/pt\/newsroom\/wp-json\/wp\/v2\/pages\/383","targetHints":{"allow":["GET"]}}],"collection":[{"href":"https:\/\/trustlatam.com\/pt\/newsroom\/wp-json\/wp\/v2\/pages"}],"about":[{"href":"https:\/\/trustlatam.com\/pt\/newsroom\/wp-json\/wp\/v2\/types\/page"}],"author":[{"embeddable":true,"href":"https:\/\/trustlatam.com\/pt\/newsroom\/wp-json\/wp\/v2\/users\/1"}],"replies":[{"embeddable":true,"href":"https:\/\/trustlatam.com\/pt\/newsroom\/wp-json\/wp\/v2\/comments?post=383"}],"version-history":[{"count":5,"href":"https:\/\/trustlatam.com\/pt\/newsroom\/wp-json\/wp\/v2\/pages\/383\/revisions"}],"predecessor-version":[{"id":2049,"href":"https:\/\/trustlatam.com\/pt\/newsroom\/wp-json\/wp\/v2\/pages\/383\/revisions\/2049"}],"wp:featuredmedia":[{"embeddable":true,"href":"https:\/\/trustlatam.com\/pt\/newsroom\/wp-json\/wp\/v2\/media\/1341"}],"wp:attachment":[{"href":"https:\/\/trustlatam.com\/pt\/newsroom\/wp-json\/wp\/v2\/media?parent=383"}],"curies":[{"name":"wp","href":"https:\/\/api.w.org\/{rel}","templated":true}]}}